{"id":38,"date":"2025-07-29T17:11:54","date_gmt":"2025-07-29T17:11:54","guid":{"rendered":"http:\/\/mfqxqav.cluster021.hosting.ovh.net\/?page_id=38"},"modified":"2025-08-04T05:52:55","modified_gmt":"2025-08-04T05:52:55","slug":"contact","status":"publish","type":"page","link":"http:\/\/mfqxqav.cluster021.hosting.ovh.net\/index.php\/contact\/","title":{"rendered":"Contact"},"content":{"rendered":"\n<h2 class=\"wp-block-heading has-text-align-center has-large-font-size\">Vous pouvez nous contacter <br>du <strong>mardi au samedi de 8h30 \u00e0 19h<\/strong><\/h2>\n\n\n\n<div style=\"height:30px\" aria-hidden=\"true\" class=\"wp-block-spacer\"><\/div>\n\n\n\n<h2 class=\"wp-block-heading has-text-align-center has-background has-medium-font-size\" style=\"background-color:#b0c4a3a8\"><strong>Les poneys et chevaux sont en vacances !<\/strong><br><strong>On se retrouve le lundi 25 ao\u00fbt <\/strong>pour un stage avant la rentr\u00e9e.<\/h2>\n\n\n\n<div style=\"height:30px\" aria-hidden=\"true\" class=\"wp-block-spacer\"><\/div>\n\n\n\n<div class=\"wp-block-group alignfull is-layout-grid wp-container-core-group-is-layout-e86759b6 wp-block-group-is-layout-grid\" style=\"margin-top:0;margin-bottom:0;padding-top:0;padding-right:0;padding-bottom:0;padding-left:0\">\n<div class=\"wp-block-group has-global-padding is-content-justification-right is-layout-constrained wp-container-core-group-is-layout-3270742c wp-block-group-is-layout-constrained\" style=\"padding-top:var(--wp--preset--spacing--10);padding-right:var(--wp--preset--spacing--20);padding-bottom:var(--wp--preset--spacing--10);padding-left:var(--wp--preset--spacing--20)\">\n<p class=\"has-text-align-center\">\ud83e\udd84 Adresse du Club<br><a href=\"https:\/\/maps.app.goo.gl\/99haDctMQBnczU5g7\" data-type=\"link\" data-id=\"https:\/\/maps.app.goo.gl\/99haDctMQBnczU5g7\"><strong>7 Bis rue de la Daguenette &#8211; 60270 Gouvieux<\/strong><\/a><\/p>\n\n\n\n<div style=\"height:35px\" aria-hidden=\"true\" class=\"wp-block-spacer\"><\/div>\n\n\n\n<p class=\"has-text-align-center\">\ud83e\udd84 Adresse des Terres Noires<\/p>\n\n\n\n<p class=\"has-text-align-center\"><a href=\"https:\/\/maps.app.goo.gl\/fBPF5DKqLzQ6EHNH6\"><strong>1030 Chemin des terres noires &#8211; 60270 Gouvieux<\/strong><\/a><\/p>\n\n\n\n<div style=\"height:35px\" aria-hidden=\"true\" class=\"wp-block-spacer\"><\/div>\n\n\n\n<p class=\"has-text-align-center\">T\u00e9l\u00e9phone<br><strong>06 21 66 05 08<\/strong><\/p>\n\n\n\n<div style=\"height:35px\" aria-hidden=\"true\" class=\"wp-block-spacer\"><\/div>\n\n\n\n<p class=\"has-text-align-center\">Email<\/p>\n\n\n\n<p class=\"has-text-align-center\"><strong><a href=\"mailto:chgdegouvieux@gmail.com\">chgdegouvieux@gmail.com<\/a><\/strong><\/p>\n<\/div>\n\n\n\n<div class=\"wp-block-group has-global-padding is-layout-constrained wp-container-core-group-is-layout-650790e1 wp-block-group-is-layout-constrained\">\n<iframe src=\"https:\/\/www.google.com\/maps\/embed?pb=!1m18!1m12!1m3!1d2607.8868075508153!2d2.4069817117619343!3d49.18373447763697!2m3!1f0!2f0!3f0!3m2!1i1024!2i768!4f13.1!3m3!1m2!1s0x47e648a43b2a02a1%3A0x481be23a7ec33ac!2s7%20Bis%20Rue%20de%20la%20Daguenette%2C%2060270%20Gouvieux!5e0!3m2!1sfr!2sfr!4v1753807179490!5m2!1sfr!2sfr\" width=\"600\" height=\"450\" style=\"border:0;\" allowfullscreen=\"\" loading=\"lazy\" referrerpolicy=\"no-referrer-when-downgrade\"><\/iframe>\n<\/div>\n\n\n\n<div style=\"height:0px;width:0px\" aria-hidden=\"true\" class=\"wp-block-spacer\"><\/div>\n<\/div>\n","protected":false},"excerpt":{"rendered":"<p>Vous pouvez nous contacter du mardi au samedi de 8h30 \u00e0 19h Les poneys et chevaux sont en vacances !On se retrouve le lundi 25 ao\u00fbt pour un stage avant la rentr\u00e9e. \ud83e\udd84 Adresse du Club7 Bis rue de la Daguenette &#8211; 60270 Gouvieux \ud83e\udd84 Adresse des Terres Noires 1030 Chemin des terres noires &#8211; [&hellip;]<\/p>\n","protected":false},"author":1,"featured_media":0,"parent":0,"menu_order":0,"comment_status":"closed","ping_status":"closed","template":"","meta":{"footnotes":""},"class_list":["post-38","page","type-page","status-publish","hentry"],"_links":{"self":[{"href":"http:\/\/mfqxqav.cluster021.hosting.ovh.net\/index.php\/wp-json\/wp\/v2\/pages\/38","targetHints":{"allow":["GET"]}}],"collection":[{"href":"http:\/\/mfqxqav.cluster021.hosting.ovh.net\/index.php\/wp-json\/wp\/v2\/pages"}],"about":[{"href":"http:\/\/mfqxqav.cluster021.hosting.ovh.net\/index.php\/wp-json\/wp\/v2\/types\/page"}],"author":[{"embeddable":true,"href":"http:\/\/mfqxqav.cluster021.hosting.ovh.net\/index.php\/wp-json\/wp\/v2\/users\/1"}],"replies":[{"embeddable":true,"href":"http:\/\/mfqxqav.cluster021.hosting.ovh.net\/index.php\/wp-json\/wp\/v2\/comments?post=38"}],"version-history":[{"count":16,"href":"http:\/\/mfqxqav.cluster021.hosting.ovh.net\/index.php\/wp-json\/wp\/v2\/pages\/38\/revisions"}],"predecessor-version":[{"id":388,"href":"http:\/\/mfqxqav.cluster021.hosting.ovh.net\/index.php\/wp-json\/wp\/v2\/pages\/38\/revisions\/388"}],"wp:attachment":[{"href":"http:\/\/mfqxqav.cluster021.hosting.ovh.net\/index.php\/wp-json\/wp\/v2\/media?parent=38"}],"curies":[{"name":"wp","href":"https:\/\/api.w.org\/{rel}","templated":true}]}}