{"id":36,"date":"2025-07-30T11:32:09","date_gmt":"2025-07-30T11:32:09","guid":{"rendered":"http:\/\/mfqxqav.cluster021.hosting.ovh.net\/?page_id=36"},"modified":"2026-04-08T12:40:31","modified_gmt":"2026-04-08T12:40:31","slug":"le-marquenterre","status":"publish","type":"page","link":"http:\/\/mfqxqav.cluster021.hosting.ovh.net\/index.php\/le-marquenterre\/","title":{"rendered":"Le Marquenterre"},"content":{"rendered":"\n<div class=\"wp-block-group alignfull has-global-padding is-layout-constrained wp-container-core-group-is-layout-f18899af wp-block-group-is-layout-constrained\" style=\"padding-top:var(--wp--preset--spacing--10);padding-right:var(--wp--preset--spacing--50);padding-bottom:var(--wp--preset--spacing--10);padding-left:var(--wp--preset--spacing--50)\">\n<div class=\"wp-block-group has-global-padding is-layout-constrained wp-container-core-group-is-layout-9bd67e5b wp-block-group-is-layout-constrained\">\n<h1 class=\"wp-block-heading has-text-align-center has-x-large-font-size\">Le Marquenterre<\/h1>\n\n\n\n<div style=\"height:1.25rem\" aria-hidden=\"true\" class=\"wp-block-spacer\"><\/div>\n\n\n\n<p class=\"has-text-align-center\" style=\"margin-top:0;margin-right:0;margin-bottom:0;margin-left:0;padding-top:0;padding-right:0;padding-bottom:0;padding-left:0\">Vivez une <strong>exp\u00e9rience unique<\/strong> avec notre <strong>stage \u00e9questre au Marquenterre<\/strong>, en Baie de Somme, alliant apprentissage et balades inoubliables sur la plage !<\/p>\n<\/div>\n<\/div>\n\n\n\n<div class=\"wp-block-group alignfull has-accent-background-color has-background has-global-padding is-layout-constrained wp-container-core-group-is-layout-f18899af wp-block-group-is-layout-constrained\" style=\"padding-top:var(--wp--preset--spacing--10);padding-right:var(--wp--preset--spacing--50);padding-bottom:var(--wp--preset--spacing--10);padding-left:var(--wp--preset--spacing--50)\">\n<div class=\"wp-block-group has-global-padding is-layout-constrained wp-container-core-group-is-layout-78f3232c wp-block-group-is-layout-constrained\">\n<h1 class=\"wp-block-heading has-text-align-center has-x-large-font-size\">Marquenterre 2026<\/h1>\n\n\n\n<div style=\"height:1.25rem\" aria-hidden=\"true\" class=\"wp-block-spacer\"><\/div>\n\n\n\n<p class=\"has-text-align-center\" style=\"margin-top:0;margin-right:0;margin-bottom:0;margin-left:0;padding-top:0;padding-right:0;padding-bottom:0;padding-left:0\"><strong>Samedi 18 juillet au Samedi 25 juillet<\/strong> et\/ou <strong>Samedi 25 juillet au Samedi 1er ao\u00fbt<\/strong> <\/p>\n<\/div>\n<\/div>\n\n\n\n<div class=\"wp-block-group alignfull has-global-padding is-layout-constrained wp-container-core-group-is-layout-b673cb31 wp-block-group-is-layout-constrained\" style=\"margin-top:0;margin-bottom:0;padding-top:var(--wp--preset--spacing--30);padding-right:var(--wp--preset--spacing--50);padding-bottom:var(--wp--preset--spacing--30);padding-left:var(--wp--preset--spacing--50)\">\n<div class=\"wp-block-group alignwide has-global-padding is-layout-constrained wp-container-core-group-is-layout-19e250f3 wp-block-group-is-layout-constrained\">\n<div class=\"wp-block-columns alignwide are-vertically-aligned-top is-layout-flex wp-container-core-columns-is-layout-87beb0d0 wp-block-columns-is-layout-flex\">\n<div class=\"wp-block-column is-vertically-aligned-top is-layout-flow wp-block-column-is-layout-flow\" style=\"flex-basis:50%\">\n<figure class=\"wp-block-image size-large is-style-rounded is-style-rounded--1\"><img loading=\"lazy\" decoding=\"async\" width=\"577\" height=\"1024\" src=\"http:\/\/mfqxqav.cluster021.hosting.ovh.net\/wp-content\/uploads\/2025\/07\/IMG_7016-1-577x1024.jpg\" alt=\"\" class=\"wp-image-201\" style=\"aspect-ratio:1;object-fit:cover\" srcset=\"http:\/\/mfqxqav.cluster021.hosting.ovh.net\/wp-content\/uploads\/2025\/07\/IMG_7016-1-577x1024.jpg 577w, http:\/\/mfqxqav.cluster021.hosting.ovh.net\/wp-content\/uploads\/2025\/07\/IMG_7016-1-169x300.jpg 169w, http:\/\/mfqxqav.cluster021.hosting.ovh.net\/wp-content\/uploads\/2025\/07\/IMG_7016-1-768x1364.jpg 768w, http:\/\/mfqxqav.cluster021.hosting.ovh.net\/wp-content\/uploads\/2025\/07\/IMG_7016-1-865x1536.jpg 865w, http:\/\/mfqxqav.cluster021.hosting.ovh.net\/wp-content\/uploads\/2025\/07\/IMG_7016-1-1153x2048.jpg 1153w, http:\/\/mfqxqav.cluster021.hosting.ovh.net\/wp-content\/uploads\/2025\/07\/IMG_7016-1.jpg 1170w\" sizes=\"auto, (max-width: 577px) 100vw, 577px\" \/><\/figure>\n<\/div>\n\n\n\n<div class=\"wp-block-column is-vertically-aligned-top is-layout-flow wp-block-column-is-layout-flow\" style=\"flex-basis:50%\">\n<p class=\"has-text-align-left\" style=\"margin-top:0;margin-right:0;margin-bottom:0;margin-left:0;padding-top:0;padding-right:0;padding-bottom:0;padding-left:0\">Rejoignez notre stage \u00e9questre pour une aventure inoubliable,<br><em>ouverte aux enfants et adultes d\u00e8s le niveau Galop 2\/3<\/em><br><em>(\u00e0 l\u2019aise aux trois allures). <\/em><br><br>Au programme :<\/p>\n\n\n\n<ul style=\"margin-top:var(--wp--preset--spacing--30);margin-bottom:var(--wp--preset--spacing--30);line-height:2.35\" class=\"wp-block-list is-style-default\">\n<li><strong>Balades \u00e0 cheval quotidiennes<\/strong> sur les plages sauvages de la Baie de Somme<\/li>\n\n\n\n<li><strong>Baignade \u00e0 cheval<\/strong> pour une exp\u00e9rience unique<\/li>\n\n\n\n<li><strong>Course mythique <\/strong>de fin de stage, pleine d\u2019\u00e9motions<\/li>\n\n\n\n<li><strong>Balade \u00e0 v\u00e9lo <\/strong>jusqu\u2019au Crotoy pour explorer la r\u00e9gion<\/li>\n\n\n\n<li>D\u00e9couverte du charmant <strong>march\u00e9 du Crotoy<\/strong><\/li>\n\n\n\n<li><strong>Soir\u00e9e surprise <\/strong>pour des moments de convivialit\u00e9<\/li>\n<\/ul>\n<\/div>\n<\/div>\n\n\n\n<div style=\"height:var(--wp--preset--spacing--40)\" aria-hidden=\"true\" class=\"wp-block-spacer\"><\/div>\n\n\n\n<div class=\"wp-block-columns alignwide are-vertically-aligned-center is-layout-flex wp-container-core-columns-is-layout-87beb0d0 wp-block-columns-is-layout-flex\">\n<div class=\"wp-block-column is-vertically-aligned-center is-layout-flow wp-block-column-is-layout-flow\" style=\"flex-basis:50%\">\n<figure class=\"wp-block-image size-full is-style-rounded is-style-rounded--2\"><img loading=\"lazy\" decoding=\"async\" width=\"1000\" height=\"668\" src=\"http:\/\/mfqxqav.cluster021.hosting.ovh.net\/wp-content\/uploads\/2025\/07\/gite-20-ext.jpg\" alt=\"\" class=\"wp-image-141\" srcset=\"http:\/\/mfqxqav.cluster021.hosting.ovh.net\/wp-content\/uploads\/2025\/07\/gite-20-ext.jpg 1000w, http:\/\/mfqxqav.cluster021.hosting.ovh.net\/wp-content\/uploads\/2025\/07\/gite-20-ext-300x200.jpg 300w, http:\/\/mfqxqav.cluster021.hosting.ovh.net\/wp-content\/uploads\/2025\/07\/gite-20-ext-768x513.jpg 768w\" sizes=\"auto, (max-width: 1000px) 100vw, 1000px\" \/><\/figure>\n<\/div>\n\n\n\n<div class=\"wp-block-column is-vertically-aligned-center is-layout-flow wp-block-column-is-layout-flow\" style=\"flex-basis:50%\">\n<p>H\u00e9bergement en <strong>g\u00eete chaleureux avec chambres partag\u00e9es,<\/strong><br>dans une ambiance familiale.<\/p>\n<\/div>\n<\/div>\n\n\n\n<div class=\"wp-block-columns alignwide are-vertically-aligned-center is-layout-flex wp-container-core-columns-is-layout-87beb0d0 wp-block-columns-is-layout-flex\">\n<div class=\"wp-block-column is-vertically-aligned-center is-layout-flow wp-block-column-is-layout-flow\" style=\"flex-basis:50%\">\n<figure style=\"padding-top:var(--wp--preset--spacing--40);padding-right:var(--wp--preset--spacing--40);padding-bottom:var(--wp--preset--spacing--40);padding-left:var(--wp--preset--spacing--40)\" class=\"wp-block-video\"><video height=\"640\" style=\"aspect-ratio: 360 \/ 640;\" width=\"360\" controls src=\"http:\/\/mfqxqav.cluster021.hosting.ovh.net\/wp-content\/uploads\/2025\/07\/video.mov\"><\/video><\/figure>\n<\/div>\n\n\n\n<div class=\"wp-block-column is-vertically-aligned-center is-layout-flow wp-block-column-is-layout-flow\" style=\"flex-basis:50%\">\n<figure style=\"margin-top:0;margin-bottom:0;padding-top:var(--wp--preset--spacing--40);padding-right:var(--wp--preset--spacing--40);padding-bottom:var(--wp--preset--spacing--40);padding-left:var(--wp--preset--spacing--40)\" class=\"wp-block-video\"><video height=\"640\" style=\"aspect-ratio: 360 \/ 640;\" width=\"360\" controls src=\"http:\/\/mfqxqav.cluster021.hosting.ovh.net\/wp-content\/uploads\/2025\/07\/video2.mov\"><\/video><\/figure>\n<\/div>\n<\/div>\n<\/div>\n<\/div>\n\n\n\n<div class=\"wp-block-group alignfull has-base-color has-text-color has-background has-global-padding is-layout-constrained wp-container-core-group-is-layout-ef3d885c wp-block-group-is-layout-constrained\" style=\"background-color:#3a513a;margin-top:0;margin-bottom:0;padding-top:var(--wp--preset--spacing--60);padding-right:var(--wp--preset--spacing--60);padding-bottom:var(--wp--preset--spacing--60);padding-left:var(--wp--preset--spacing--60)\">\n<div class=\"wp-block-group has-global-padding is-layout-constrained wp-block-group-is-layout-constrained\">\n<p class=\"has-text-align-center has-base-color has-text-color has-heading-font-family has-x-large-font-size\" style=\"line-height:1.2\"><em>\u201cR\u00e9servez votre place <\/em><br><em>pour galoper au c\u0153ur de la nature !\u201d<\/em><\/p>\n<\/div>\n<\/div>\n\n\n\n<div class=\"wp-block-cover alignfull has-parallax\" style=\"min-height:100vh;aspect-ratio:unset;\"><div class=\"wp-block-cover__image-background wp-image-148 size-large has-parallax\" style=\"background-position:50% 50%;background-image:url(http:\/\/mfqxqav.cluster021.hosting.ovh.net\/wp-content\/uploads\/2025\/07\/bg-1024x1024.jpg)\"><\/div><span aria-hidden=\"true\" class=\"wp-block-cover__background has-background-dim-40 has-background-dim\" style=\"background-color:#000000\"><\/span><div class=\"wp-block-cover__inner-container is-layout-flow wp-block-cover-is-layout-flow\">\n<h2 class=\"wp-block-heading has-text-align-center alignwide has-white-color has-text-color\" style=\"font-size:clamp(27.894px, 1.743rem + ((1vw - 3.2px) * 2.094), 48px);line-height:1.2\"><em>Prochaines dates pour<\/em><br><em>Marquenterre 2026<\/em><\/h2>\n\n\n\n<div class=\"wp-block-columns alignwide are-vertically-aligned-center is-layout-flex wp-container-core-columns-is-layout-28f84493 wp-block-columns-is-layout-flex\">\n<div class=\"wp-block-column is-vertically-aligned-center is-layout-flow wp-block-column-is-layout-flow\">\n<p class=\"has-text-align-center\"><strong>Samedi 18 juillet au Samedi 25 juillet<\/strong><br>et\/ou<br><strong>Samedi 25 juillet au Samedi 1er ao\u00fbt<\/strong><\/p>\n<\/div>\n<\/div>\n<\/div><\/div>\n\n\n\n<div class=\"wp-block-group alignfull has-global-padding is-layout-constrained wp-container-core-group-is-layout-b25ccd55 wp-block-group-is-layout-constrained\" style=\"margin-top:0;margin-bottom:0;padding-top:var(--wp--preset--spacing--50);padding-right:var(--wp--preset--spacing--50);padding-bottom:var(--wp--preset--spacing--50);padding-left:var(--wp--preset--spacing--50)\">\n<div class=\"wp-block-columns alignwide is-layout-flex wp-container-core-columns-is-layout-ff4b9c61 wp-block-columns-is-layout-flex\" style=\"margin-top:0;margin-bottom:0\">\n<div class=\"wp-block-column is-layout-flow wp-container-core-column-is-layout-8a368f38 wp-block-column-is-layout-flow\">\n<figure class=\"wp-block-image size-large is-style-rounded is-style-rounded--3\"><img loading=\"lazy\" decoding=\"async\" width=\"577\" height=\"1024\" src=\"http:\/\/mfqxqav.cluster021.hosting.ovh.net\/wp-content\/uploads\/2025\/07\/IMG_7016-1-1-577x1024.jpg\" alt=\"\" class=\"wp-image-204\" style=\"aspect-ratio:4\/3;object-fit:cover\" srcset=\"http:\/\/mfqxqav.cluster021.hosting.ovh.net\/wp-content\/uploads\/2025\/07\/IMG_7016-1-1-577x1024.jpg 577w, http:\/\/mfqxqav.cluster021.hosting.ovh.net\/wp-content\/uploads\/2025\/07\/IMG_7016-1-1-169x300.jpg 169w, http:\/\/mfqxqav.cluster021.hosting.ovh.net\/wp-content\/uploads\/2025\/07\/IMG_7016-1-1-768x1364.jpg 768w, http:\/\/mfqxqav.cluster021.hosting.ovh.net\/wp-content\/uploads\/2025\/07\/IMG_7016-1-1-865x1536.jpg 865w, http:\/\/mfqxqav.cluster021.hosting.ovh.net\/wp-content\/uploads\/2025\/07\/IMG_7016-1-1-1153x2048.jpg 1153w, http:\/\/mfqxqav.cluster021.hosting.ovh.net\/wp-content\/uploads\/2025\/07\/IMG_7016-1-1.jpg 1170w\" sizes=\"auto, (max-width: 577px) 100vw, 577px\" \/><\/figure>\n\n\n\n<div style=\"height:var(--wp--preset--spacing--50)\" aria-hidden=\"true\" class=\"wp-block-spacer\"><\/div>\n\n\n\n<figure class=\"wp-block-image size-large is-style-rounded is-style-rounded--4\"><img loading=\"lazy\" decoding=\"async\" width=\"577\" height=\"1024\" src=\"http:\/\/mfqxqav.cluster021.hosting.ovh.net\/wp-content\/uploads\/2025\/07\/IMG_7013-1-577x1024.jpg\" alt=\"\" class=\"wp-image-206\" style=\"aspect-ratio:3\/4;object-fit:cover\" srcset=\"http:\/\/mfqxqav.cluster021.hosting.ovh.net\/wp-content\/uploads\/2025\/07\/IMG_7013-1-577x1024.jpg 577w, http:\/\/mfqxqav.cluster021.hosting.ovh.net\/wp-content\/uploads\/2025\/07\/IMG_7013-1-169x300.jpg 169w, http:\/\/mfqxqav.cluster021.hosting.ovh.net\/wp-content\/uploads\/2025\/07\/IMG_7013-1-768x1364.jpg 768w, http:\/\/mfqxqav.cluster021.hosting.ovh.net\/wp-content\/uploads\/2025\/07\/IMG_7013-1-865x1536.jpg 865w, http:\/\/mfqxqav.cluster021.hosting.ovh.net\/wp-content\/uploads\/2025\/07\/IMG_7013-1-1153x2048.jpg 1153w, http:\/\/mfqxqav.cluster021.hosting.ovh.net\/wp-content\/uploads\/2025\/07\/IMG_7013-1.jpg 1170w\" sizes=\"auto, (max-width: 577px) 100vw, 577px\" \/><\/figure>\n\n\n\n<div style=\"height:var(--wp--preset--spacing--50)\" aria-hidden=\"true\" class=\"wp-block-spacer\"><\/div>\n\n\n\n<figure class=\"wp-block-image size-large is-style-rounded is-style-rounded--5\"><img loading=\"lazy\" decoding=\"async\" width=\"861\" height=\"1024\" src=\"http:\/\/mfqxqav.cluster021.hosting.ovh.net\/wp-content\/uploads\/2025\/07\/IMG_7029-861x1024.jpg\" alt=\"\" class=\"wp-image-209\" style=\"aspect-ratio:3\/4;object-fit:cover\" srcset=\"http:\/\/mfqxqav.cluster021.hosting.ovh.net\/wp-content\/uploads\/2025\/07\/IMG_7029-861x1024.jpg 861w, http:\/\/mfqxqav.cluster021.hosting.ovh.net\/wp-content\/uploads\/2025\/07\/IMG_7029-252x300.jpg 252w, http:\/\/mfqxqav.cluster021.hosting.ovh.net\/wp-content\/uploads\/2025\/07\/IMG_7029-768x913.jpg 768w, http:\/\/mfqxqav.cluster021.hosting.ovh.net\/wp-content\/uploads\/2025\/07\/IMG_7029.jpg 1170w\" sizes=\"auto, (max-width: 861px) 100vw, 861px\" \/><\/figure>\n<\/div>\n\n\n\n<div class=\"wp-block-column is-layout-flow wp-container-core-column-is-layout-8a368f38 wp-block-column-is-layout-flow\">\n<div style=\"height:var(--wp--preset--spacing--50)\" aria-hidden=\"true\" class=\"wp-block-spacer\"><\/div>\n\n\n\n<figure class=\"wp-block-image size-large is-style-rounded is-style-rounded--6\"><img loading=\"lazy\" decoding=\"async\" width=\"577\" height=\"1024\" src=\"http:\/\/mfqxqav.cluster021.hosting.ovh.net\/wp-content\/uploads\/2025\/07\/IMG_7014-1-1-577x1024.jpg\" alt=\"\" class=\"wp-image-205\" style=\"aspect-ratio:3\/4;object-fit:cover\" srcset=\"http:\/\/mfqxqav.cluster021.hosting.ovh.net\/wp-content\/uploads\/2025\/07\/IMG_7014-1-1-577x1024.jpg 577w, http:\/\/mfqxqav.cluster021.hosting.ovh.net\/wp-content\/uploads\/2025\/07\/IMG_7014-1-1-169x300.jpg 169w, http:\/\/mfqxqav.cluster021.hosting.ovh.net\/wp-content\/uploads\/2025\/07\/IMG_7014-1-1-768x1364.jpg 768w, http:\/\/mfqxqav.cluster021.hosting.ovh.net\/wp-content\/uploads\/2025\/07\/IMG_7014-1-1-865x1536.jpg 865w, http:\/\/mfqxqav.cluster021.hosting.ovh.net\/wp-content\/uploads\/2025\/07\/IMG_7014-1-1-1153x2048.jpg 1153w, http:\/\/mfqxqav.cluster021.hosting.ovh.net\/wp-content\/uploads\/2025\/07\/IMG_7014-1-1.jpg 1170w\" sizes=\"auto, (max-width: 577px) 100vw, 577px\" \/><\/figure>\n\n\n\n<div style=\"height:var(--wp--preset--spacing--50)\" aria-hidden=\"true\" class=\"wp-block-spacer\"><\/div>\n\n\n\n<figure class=\"wp-block-image size-large is-style-rounded is-style-rounded--7\"><img loading=\"lazy\" decoding=\"async\" width=\"473\" height=\"1024\" src=\"http:\/\/mfqxqav.cluster021.hosting.ovh.net\/wp-content\/uploads\/2025\/07\/IMG_7012-2-473x1024.png\" alt=\"\" class=\"wp-image-207\" style=\"aspect-ratio:1;object-fit:cover\" srcset=\"http:\/\/mfqxqav.cluster021.hosting.ovh.net\/wp-content\/uploads\/2025\/07\/IMG_7012-2-473x1024.png 473w, http:\/\/mfqxqav.cluster021.hosting.ovh.net\/wp-content\/uploads\/2025\/07\/IMG_7012-2-139x300.png 139w, http:\/\/mfqxqav.cluster021.hosting.ovh.net\/wp-content\/uploads\/2025\/07\/IMG_7012-2-768x1662.png 768w, http:\/\/mfqxqav.cluster021.hosting.ovh.net\/wp-content\/uploads\/2025\/07\/IMG_7012-2-710x1536.png 710w, http:\/\/mfqxqav.cluster021.hosting.ovh.net\/wp-content\/uploads\/2025\/07\/IMG_7012-2-946x2048.png 946w, http:\/\/mfqxqav.cluster021.hosting.ovh.net\/wp-content\/uploads\/2025\/07\/IMG_7012-2.png 1170w\" sizes=\"auto, (max-width: 473px) 100vw, 473px\" \/><\/figure>\n\n\n\n<div style=\"height:var(--wp--preset--spacing--50)\" aria-hidden=\"true\" class=\"wp-block-spacer\"><\/div>\n\n\n\n<figure class=\"wp-block-image size-large is-style-rounded is-style-rounded--8\"><img loading=\"lazy\" decoding=\"async\" width=\"580\" height=\"1024\" src=\"http:\/\/mfqxqav.cluster021.hosting.ovh.net\/wp-content\/uploads\/2025\/08\/IMG_7106-580x1024.jpg\" alt=\"\" class=\"wp-image-357\" style=\"aspect-ratio:1;object-fit:cover\" srcset=\"http:\/\/mfqxqav.cluster021.hosting.ovh.net\/wp-content\/uploads\/2025\/08\/IMG_7106-580x1024.jpg 580w, http:\/\/mfqxqav.cluster021.hosting.ovh.net\/wp-content\/uploads\/2025\/08\/IMG_7106-170x300.jpg 170w, http:\/\/mfqxqav.cluster021.hosting.ovh.net\/wp-content\/uploads\/2025\/08\/IMG_7106-768x1355.jpg 768w, http:\/\/mfqxqav.cluster021.hosting.ovh.net\/wp-content\/uploads\/2025\/08\/IMG_7106-871x1536.jpg 871w, http:\/\/mfqxqav.cluster021.hosting.ovh.net\/wp-content\/uploads\/2025\/08\/IMG_7106.jpg 942w\" sizes=\"auto, (max-width: 580px) 100vw, 580px\" \/><\/figure>\n<\/div>\n<\/div>\n<\/div>\n","protected":false},"excerpt":{"rendered":"<p>Le Marquenterre Vivez une exp\u00e9rience unique avec notre stage \u00e9questre au Marquenterre, en Baie de Somme, alliant apprentissage et balades inoubliables sur la plage ! Marquenterre 2026 Samedi 18 juillet au Samedi 25 juillet et\/ou Samedi 25 juillet au Samedi 1er ao\u00fbt Rejoignez notre stage \u00e9questre pour une aventure inoubliable,ouverte aux enfants et adultes d\u00e8s [&hellip;]<\/p>\n","protected":false},"author":1,"featured_media":0,"parent":0,"menu_order":0,"comment_status":"closed","ping_status":"closed","template":"","meta":{"footnotes":""},"class_list":["post-36","page","type-page","status-publish","hentry"],"_links":{"self":[{"href":"http:\/\/mfqxqav.cluster021.hosting.ovh.net\/index.php\/wp-json\/wp\/v2\/pages\/36","targetHints":{"allow":["GET"]}}],"collection":[{"href":"http:\/\/mfqxqav.cluster021.hosting.ovh.net\/index.php\/wp-json\/wp\/v2\/pages"}],"about":[{"href":"http:\/\/mfqxqav.cluster021.hosting.ovh.net\/index.php\/wp-json\/wp\/v2\/types\/page"}],"author":[{"embeddable":true,"href":"http:\/\/mfqxqav.cluster021.hosting.ovh.net\/index.php\/wp-json\/wp\/v2\/users\/1"}],"replies":[{"embeddable":true,"href":"http:\/\/mfqxqav.cluster021.hosting.ovh.net\/index.php\/wp-json\/wp\/v2\/comments?post=36"}],"version-history":[{"count":30,"href":"http:\/\/mfqxqav.cluster021.hosting.ovh.net\/index.php\/wp-json\/wp\/v2\/pages\/36\/revisions"}],"predecessor-version":[{"id":414,"href":"http:\/\/mfqxqav.cluster021.hosting.ovh.net\/index.php\/wp-json\/wp\/v2\/pages\/36\/revisions\/414"}],"wp:attachment":[{"href":"http:\/\/mfqxqav.cluster021.hosting.ovh.net\/index.php\/wp-json\/wp\/v2\/media?parent=36"}],"curies":[{"name":"wp","href":"https:\/\/api.w.org\/{rel}","templated":true}]}}