{"id":31,"date":"2025-07-29T20:41:33","date_gmt":"2025-07-29T20:41:33","guid":{"rendered":"http:\/\/mfqxqav.cluster021.hosting.ovh.net\/?page_id=31"},"modified":"2026-04-08T16:03:07","modified_gmt":"2026-04-08T16:03:07","slug":"equipe-cavalerie","status":"publish","type":"page","link":"http:\/\/mfqxqav.cluster021.hosting.ovh.net\/index.php\/equipe-cavalerie\/","title":{"rendered":"\u00c9quipe"},"content":{"rendered":"\n<div class=\"wp-block-group alignfull has-base-2-background-color has-background has-global-padding is-layout-constrained wp-container-core-group-is-layout-d4d697d2 wp-block-group-is-layout-constrained\" style=\"margin-top:0;margin-bottom:0;padding-top:var(--wp--preset--spacing--10);padding-right:var(--wp--preset--spacing--50);padding-bottom:var(--wp--preset--spacing--10);padding-left:var(--wp--preset--spacing--50)\">\n<div class=\"wp-block-group is-vertical is-content-justification-center is-layout-flex wp-container-core-group-is-layout-52b864f0 wp-block-group-is-layout-flex\">\n<h2 class=\"wp-block-heading has-text-align-center\">\u00c9quipe<\/h2>\n\n\n\n<div style=\"height:0px\" aria-hidden=\"true\" class=\"wp-block-spacer wp-container-content-4f2ccadb\"><\/div>\n\n\n\n<p class=\"has-text-align-center\">Notre <strong>\u00e9quipe passionn\u00e9e de moniteurs dipl\u00f4m\u00e9s<\/strong> vous accompagne avec bienveillance pour faire de chaque moment \u00e0 cheval une exp\u00e9rience unique. <br>Nos <strong>chevaux et poneys<\/strong>, soigneusement s\u00e9lectionn\u00e9s pour leur <strong>douceur et leur polyvalence<\/strong>, forment une cavalerie attachante, pr\u00eate \u00e0 accueillir petits et grands. <br>Ensemble, ils vous invitent \u00e0 partager <strong>la magie de l\u2019\u00e9quitation dans une ambiance familiale<\/strong> !<\/p>\n<\/div>\n<\/div>\n\n\n\n<div class=\"wp-block-group alignfull has-global-padding is-layout-constrained wp-container-core-group-is-layout-b673cb31 wp-block-group-is-layout-constrained\" style=\"margin-top:0;margin-bottom:0;padding-top:var(--wp--preset--spacing--30);padding-right:var(--wp--preset--spacing--50);padding-bottom:var(--wp--preset--spacing--30);padding-left:var(--wp--preset--spacing--50)\">\n<div class=\"wp-block-group alignwide has-global-padding is-layout-constrained wp-container-core-group-is-layout-19e250f3 wp-block-group-is-layout-constrained\">\n<div class=\"wp-block-columns alignwide is-layout-flex wp-container-core-columns-is-layout-d1c656ed wp-block-columns-is-layout-flex\">\n<div class=\"wp-block-column is-layout-flow wp-container-core-column-is-layout-8a368f38 wp-block-column-is-layout-flow\" style=\"flex-basis:50%\">\n<figure class=\"wp-block-image size-large is-style-rounded is-style-rounded--1\"><img loading=\"lazy\" decoding=\"async\" width=\"1024\" height=\"800\" src=\"http:\/\/mfqxqav.cluster021.hosting.ovh.net\/wp-content\/uploads\/2025\/07\/Steph-Agathe-1024x800.jpg\" alt=\"\" class=\"wp-image-112\" srcset=\"http:\/\/mfqxqav.cluster021.hosting.ovh.net\/wp-content\/uploads\/2025\/07\/Steph-Agathe-1024x800.jpg 1024w, http:\/\/mfqxqav.cluster021.hosting.ovh.net\/wp-content\/uploads\/2025\/07\/Steph-Agathe-300x234.jpg 300w, http:\/\/mfqxqav.cluster021.hosting.ovh.net\/wp-content\/uploads\/2025\/07\/Steph-Agathe-768x600.jpg 768w, http:\/\/mfqxqav.cluster021.hosting.ovh.net\/wp-content\/uploads\/2025\/07\/Steph-Agathe-1536x1201.jpg 1536w, http:\/\/mfqxqav.cluster021.hosting.ovh.net\/wp-content\/uploads\/2025\/07\/Steph-Agathe-2048x1601.jpg 2048w\" sizes=\"auto, (max-width: 1024px) 100vw, 1024px\" \/><\/figure>\n<\/div>\n\n\n\n<div class=\"wp-block-column is-vertically-aligned-center is-layout-flow wp-block-column-is-layout-flow\" style=\"flex-basis:40%\">\n<h2 class=\"wp-block-heading\">St\u00e9phanie &amp; Agathe<\/h2>\n\n\n\n<p>Rencontrez <strong>St\u00e9phanie<\/strong> et <strong>Agathe<\/strong>, les<strong> \u00e2mes passionn\u00e9es<\/strong> du Cercle Hippique de Gouvieux, d\u00e9vou\u00e9es \u00e0 <strong>faire vivre l\u2019\u00e9quitation<\/strong> dans une ambiance familiale !<\/p>\n<\/div>\n<\/div>\n<\/div>\n<\/div>\n\n\n\n<div class=\"wp-block-group alignfull has-base-2-background-color has-background has-global-padding is-layout-constrained wp-container-core-group-is-layout-f6cc5ae6 wp-block-group-is-layout-constrained\" style=\"margin-top:0;margin-bottom:0;padding-top:var(--wp--preset--spacing--30);padding-right:var(--wp--preset--spacing--50);padding-bottom:var(--wp--preset--spacing--30);padding-left:var(--wp--preset--spacing--50)\">\n<div class=\"wp-block-group is-vertical is-content-justification-center is-layout-flex wp-container-core-group-is-layout-ce155fab wp-block-group-is-layout-flex\">\n<h2 class=\"wp-block-heading has-text-align-center has-xx-large-font-size\">Rencontrez nos monitrices<\/h2>\n<\/div>\n\n\n\n<div style=\"height:var(--wp--preset--spacing--30)\" aria-hidden=\"true\" class=\"wp-block-spacer\"><\/div>\n\n\n\n<div class=\"wp-block-columns alignwide is-layout-flex wp-container-core-columns-is-layout-4935966c wp-block-columns-is-layout-flex\" style=\"padding-right:0;padding-left:0\">\n<div class=\"wp-block-column is-layout-flow wp-block-column-is-layout-flow\">\n<figure class=\"wp-block-image size-full is-style-rounded is-style-rounded--2\"><img loading=\"lazy\" decoding=\"async\" width=\"994\" height=\"994\" src=\"http:\/\/mfqxqav.cluster021.hosting.ovh.net\/wp-content\/uploads\/2026\/04\/Agathe.png\" alt=\"\" class=\"wp-image-421\" style=\"aspect-ratio:1;object-fit:cover\" srcset=\"http:\/\/mfqxqav.cluster021.hosting.ovh.net\/wp-content\/uploads\/2026\/04\/Agathe.png 994w, http:\/\/mfqxqav.cluster021.hosting.ovh.net\/wp-content\/uploads\/2026\/04\/Agathe-300x300.png 300w, http:\/\/mfqxqav.cluster021.hosting.ovh.net\/wp-content\/uploads\/2026\/04\/Agathe-150x150.png 150w, http:\/\/mfqxqav.cluster021.hosting.ovh.net\/wp-content\/uploads\/2026\/04\/Agathe-768x768.png 768w\" sizes=\"auto, (max-width: 994px) 100vw, 994px\" \/><\/figure>\n\n\n\n<div class=\"wp-block-group is-vertical is-content-justification-center is-nowrap is-layout-flex wp-container-core-group-is-layout-63bfd6c1 wp-block-group-is-layout-flex\">\n<p class=\"has-text-align-center has-small-font-size\"><strong>Agathe<\/strong><\/p>\n\n\n\n<p class=\"has-text-align-center has-small-font-size\"><\/p>\n<\/div>\n<\/div>\n\n\n\n<div class=\"wp-block-column is-layout-flow wp-block-column-is-layout-flow\">\n<figure class=\"wp-block-image size-full is-style-rounded is-style-rounded--3\"><img loading=\"lazy\" decoding=\"async\" width=\"994\" height=\"994\" src=\"http:\/\/mfqxqav.cluster021.hosting.ovh.net\/wp-content\/uploads\/2025\/07\/Zabou.png\" alt=\"\" class=\"wp-image-114\" style=\"aspect-ratio:1;object-fit:cover\" srcset=\"http:\/\/mfqxqav.cluster021.hosting.ovh.net\/wp-content\/uploads\/2025\/07\/Zabou.png 994w, http:\/\/mfqxqav.cluster021.hosting.ovh.net\/wp-content\/uploads\/2025\/07\/Zabou-300x300.png 300w, http:\/\/mfqxqav.cluster021.hosting.ovh.net\/wp-content\/uploads\/2025\/07\/Zabou-150x150.png 150w, http:\/\/mfqxqav.cluster021.hosting.ovh.net\/wp-content\/uploads\/2025\/07\/Zabou-768x768.png 768w\" sizes=\"auto, (max-width: 994px) 100vw, 994px\" \/><\/figure>\n\n\n\n<div class=\"wp-block-group is-vertical is-content-justification-center is-nowrap is-layout-flex wp-container-core-group-is-layout-63bfd6c1 wp-block-group-is-layout-flex\">\n<p class=\"has-text-align-center has-small-font-size\"><strong>Zabou<\/strong><\/p>\n\n\n\n<p class=\"has-text-align-center has-small-font-size\"><\/p>\n<\/div>\n<\/div>\n\n\n\n<div class=\"wp-block-column is-layout-flow wp-block-column-is-layout-flow\">\n<figure class=\"wp-block-image size-full is-style-rounded is-style-rounded--4\"><img loading=\"lazy\" decoding=\"async\" width=\"994\" height=\"994\" src=\"http:\/\/mfqxqav.cluster021.hosting.ovh.net\/wp-content\/uploads\/2025\/07\/Andrea.png\" alt=\"\" class=\"wp-image-115\" style=\"aspect-ratio:1;object-fit:cover\" srcset=\"http:\/\/mfqxqav.cluster021.hosting.ovh.net\/wp-content\/uploads\/2025\/07\/Andrea.png 994w, http:\/\/mfqxqav.cluster021.hosting.ovh.net\/wp-content\/uploads\/2025\/07\/Andrea-300x300.png 300w, http:\/\/mfqxqav.cluster021.hosting.ovh.net\/wp-content\/uploads\/2025\/07\/Andrea-150x150.png 150w, http:\/\/mfqxqav.cluster021.hosting.ovh.net\/wp-content\/uploads\/2025\/07\/Andrea-768x768.png 768w\" sizes=\"auto, (max-width: 994px) 100vw, 994px\" \/><\/figure>\n\n\n\n<div class=\"wp-block-group is-vertical is-content-justification-center is-nowrap is-layout-flex wp-container-core-group-is-layout-63bfd6c1 wp-block-group-is-layout-flex\">\n<p class=\"has-text-align-center has-small-font-size\"><strong>Andr\u00e9a<\/strong><\/p>\n\n\n\n<p class=\"has-text-align-center has-small-font-size\"><\/p>\n<\/div>\n<\/div>\n\n\n\n<div class=\"wp-block-column is-layout-flow wp-block-column-is-layout-flow\">\n<figure class=\"wp-block-image size-full is-style-rounded is-style-rounded--5\"><img loading=\"lazy\" decoding=\"async\" width=\"994\" height=\"994\" src=\"http:\/\/mfqxqav.cluster021.hosting.ovh.net\/wp-content\/uploads\/2025\/07\/Gabrielle.png\" alt=\"\" class=\"wp-image-116\" style=\"aspect-ratio:1;object-fit:cover\" srcset=\"http:\/\/mfqxqav.cluster021.hosting.ovh.net\/wp-content\/uploads\/2025\/07\/Gabrielle.png 994w, http:\/\/mfqxqav.cluster021.hosting.ovh.net\/wp-content\/uploads\/2025\/07\/Gabrielle-300x300.png 300w, http:\/\/mfqxqav.cluster021.hosting.ovh.net\/wp-content\/uploads\/2025\/07\/Gabrielle-150x150.png 150w, http:\/\/mfqxqav.cluster021.hosting.ovh.net\/wp-content\/uploads\/2025\/07\/Gabrielle-768x768.png 768w\" sizes=\"auto, (max-width: 994px) 100vw, 994px\" \/><\/figure>\n\n\n\n<div class=\"wp-block-group is-vertical is-content-justification-center is-nowrap is-layout-flex wp-container-core-group-is-layout-21d4e958 wp-block-group-is-layout-flex\">\n<p class=\"has-text-align-center has-small-font-size\"><strong>Gabrielle<\/strong><\/p>\n\n\n\n<p class=\"has-text-align-center has-small-font-size\"><\/p>\n<\/div>\n<\/div>\n\n\n\n<div class=\"wp-block-column is-layout-flow wp-block-column-is-layout-flow\">\n<figure class=\"wp-block-image size-full is-style-rounded is-style-rounded--6\"><img loading=\"lazy\" decoding=\"async\" width=\"889\" height=\"889\" src=\"http:\/\/mfqxqav.cluster021.hosting.ovh.net\/wp-content\/uploads\/2026\/04\/ines.png\" alt=\"\" class=\"wp-image-419\" style=\"aspect-ratio:1;object-fit:cover\" srcset=\"http:\/\/mfqxqav.cluster021.hosting.ovh.net\/wp-content\/uploads\/2026\/04\/ines.png 889w, http:\/\/mfqxqav.cluster021.hosting.ovh.net\/wp-content\/uploads\/2026\/04\/ines-300x300.png 300w, http:\/\/mfqxqav.cluster021.hosting.ovh.net\/wp-content\/uploads\/2026\/04\/ines-150x150.png 150w, http:\/\/mfqxqav.cluster021.hosting.ovh.net\/wp-content\/uploads\/2026\/04\/ines-768x768.png 768w\" sizes=\"auto, (max-width: 889px) 100vw, 889px\" \/><\/figure>\n\n\n\n<div class=\"wp-block-group is-vertical is-content-justification-center is-nowrap is-layout-flex wp-container-core-group-is-layout-63bfd6c1 wp-block-group-is-layout-flex\">\n<p class=\"has-text-align-center has-small-font-size\"><strong>In\u00e8s<\/strong><\/p>\n\n\n\n<p class=\"has-text-align-center has-small-font-size\"><\/p>\n<\/div>\n<\/div>\n<\/div>\n<\/div>\n\n\n\n<div class=\"wp-block-group alignfull has-base-2-background-color has-background has-global-padding is-layout-constrained wp-container-core-group-is-layout-0c2fae7b wp-block-group-is-layout-constrained\" style=\"margin-top:0;margin-bottom:0;padding-top:var(--wp--preset--spacing--10);padding-right:var(--wp--preset--spacing--50);padding-bottom:var(--wp--preset--spacing--10);padding-left:var(--wp--preset--spacing--50)\">\n<h2 class=\"wp-block-heading alignwide has-text-align-center has-large-font-size\">&#8230; et nos accompagnateurs de balades<\/h2>\n\n\n\n<div style=\"height:var(--wp--preset--spacing--30)\" aria-hidden=\"true\" class=\"wp-block-spacer\"><\/div>\n\n\n\n<div class=\"wp-block-columns alignwide is-layout-flex wp-container-core-columns-is-layout-5efae13e wp-block-columns-is-layout-flex\" style=\"margin-top:0;margin-bottom:0;padding-top:0;padding-right:0;padding-bottom:0;padding-left:0\">\n<div class=\"wp-block-column is-layout-flow wp-block-column-is-layout-flow\">\n<figure class=\"wp-block-image size-full is-style-rounded is-style-rounded--7\"><img loading=\"lazy\" decoding=\"async\" width=\"994\" height=\"994\" src=\"http:\/\/mfqxqav.cluster021.hosting.ovh.net\/wp-content\/uploads\/2025\/07\/Claude.png\" alt=\"\" class=\"wp-image-113\" style=\"aspect-ratio:1;object-fit:cover\" srcset=\"http:\/\/mfqxqav.cluster021.hosting.ovh.net\/wp-content\/uploads\/2025\/07\/Claude.png 994w, http:\/\/mfqxqav.cluster021.hosting.ovh.net\/wp-content\/uploads\/2025\/07\/Claude-300x300.png 300w, http:\/\/mfqxqav.cluster021.hosting.ovh.net\/wp-content\/uploads\/2025\/07\/Claude-150x150.png 150w, http:\/\/mfqxqav.cluster021.hosting.ovh.net\/wp-content\/uploads\/2025\/07\/Claude-768x768.png 768w\" sizes=\"auto, (max-width: 994px) 100vw, 994px\" \/><\/figure>\n\n\n\n<div class=\"wp-block-group is-vertical is-content-justification-center is-nowrap is-layout-flex wp-container-core-group-is-layout-63bfd6c1 wp-block-group-is-layout-flex\">\n<p class=\"has-text-align-center has-small-font-size\"><strong>Claude<\/strong><\/p>\n\n\n\n<p class=\"has-text-align-center has-small-font-size\"><\/p>\n<\/div>\n<\/div>\n\n\n\n<div class=\"wp-block-column is-layout-flow wp-block-column-is-layout-flow\">\n<figure class=\"wp-block-image size-full is-style-rounded is-style-rounded--8\"><img loading=\"lazy\" decoding=\"async\" width=\"889\" height=\"889\" src=\"http:\/\/mfqxqav.cluster021.hosting.ovh.net\/wp-content\/uploads\/2026\/04\/noemie.png\" alt=\"\" class=\"wp-image-420\" style=\"aspect-ratio:1;object-fit:cover\" srcset=\"http:\/\/mfqxqav.cluster021.hosting.ovh.net\/wp-content\/uploads\/2026\/04\/noemie.png 889w, http:\/\/mfqxqav.cluster021.hosting.ovh.net\/wp-content\/uploads\/2026\/04\/noemie-300x300.png 300w, http:\/\/mfqxqav.cluster021.hosting.ovh.net\/wp-content\/uploads\/2026\/04\/noemie-150x150.png 150w, http:\/\/mfqxqav.cluster021.hosting.ovh.net\/wp-content\/uploads\/2026\/04\/noemie-768x768.png 768w\" sizes=\"auto, (max-width: 889px) 100vw, 889px\" \/><\/figure>\n\n\n\n<div class=\"wp-block-group is-vertical is-content-justification-center is-nowrap is-layout-flex wp-container-core-group-is-layout-63bfd6c1 wp-block-group-is-layout-flex\">\n<p class=\"has-text-align-center has-small-font-size\"><strong>No\u00e9mie<\/strong><\/p>\n\n\n\n<p class=\"has-text-align-center has-small-font-size\"><\/p>\n<\/div>\n<\/div>\n<\/div>\n<\/div>\n\n\n\n<div class=\"wp-block-group alignfull has-base-color has-text-color has-background has-global-padding is-layout-constrained wp-container-core-group-is-layout-25eb933b wp-block-group-is-layout-constrained\" style=\"background-color:#f0f0ef;margin-top:0;margin-bottom:0;padding-top:var(--wp--preset--spacing--30);padding-right:var(--wp--preset--spacing--50);padding-bottom:var(--wp--preset--spacing--30);padding-left:var(--wp--preset--spacing--50)\">\n<div class=\"wp-block-group has-global-padding is-layout-constrained wp-block-group-is-layout-constrained\">\n<p class=\"has-text-align-center has-contrast-color has-text-color has-heading-font-family has-x-large-font-size\" style=\"line-height:1.2\"><em>\u201cNos moniteurs, passionn\u00e9s et d\u00e9vou\u00e9s, sont les guides bienveillants qui font galoper vos r\u00eaves \u00e9questres dans une ambiance familiale.\u201d<\/em><\/p>\n<\/div>\n<\/div>\n","protected":false},"excerpt":{"rendered":"<p>\u00c9quipe Notre \u00e9quipe passionn\u00e9e de moniteurs dipl\u00f4m\u00e9s vous accompagne avec bienveillance pour faire de chaque moment \u00e0 cheval une exp\u00e9rience unique. Nos chevaux et poneys, soigneusement s\u00e9lectionn\u00e9s pour leur douceur et leur polyvalence, forment une cavalerie attachante, pr\u00eate \u00e0 accueillir petits et grands. Ensemble, ils vous invitent \u00e0 partager la magie de l\u2019\u00e9quitation dans une [&hellip;]<\/p>\n","protected":false},"author":1,"featured_media":0,"parent":0,"menu_order":0,"comment_status":"closed","ping_status":"closed","template":"","meta":{"footnotes":""},"class_list":["post-31","page","type-page","status-publish","hentry"],"_links":{"self":[{"href":"http:\/\/mfqxqav.cluster021.hosting.ovh.net\/index.php\/wp-json\/wp\/v2\/pages\/31","targetHints":{"allow":["GET"]}}],"collection":[{"href":"http:\/\/mfqxqav.cluster021.hosting.ovh.net\/index.php\/wp-json\/wp\/v2\/pages"}],"about":[{"href":"http:\/\/mfqxqav.cluster021.hosting.ovh.net\/index.php\/wp-json\/wp\/v2\/types\/page"}],"author":[{"embeddable":true,"href":"http:\/\/mfqxqav.cluster021.hosting.ovh.net\/index.php\/wp-json\/wp\/v2\/users\/1"}],"replies":[{"embeddable":true,"href":"http:\/\/mfqxqav.cluster021.hosting.ovh.net\/index.php\/wp-json\/wp\/v2\/comments?post=31"}],"version-history":[{"count":17,"href":"http:\/\/mfqxqav.cluster021.hosting.ovh.net\/index.php\/wp-json\/wp\/v2\/pages\/31\/revisions"}],"predecessor-version":[{"id":425,"href":"http:\/\/mfqxqav.cluster021.hosting.ovh.net\/index.php\/wp-json\/wp\/v2\/pages\/31\/revisions\/425"}],"wp:attachment":[{"href":"http:\/\/mfqxqav.cluster021.hosting.ovh.net\/index.php\/wp-json\/wp\/v2\/media?parent=31"}],"curies":[{"name":"wp","href":"https:\/\/api.w.org\/{rel}","templated":true}]}}