{"id":3,"date":"2025-07-27T18:15:35","date_gmt":"2025-07-27T18:15:35","guid":{"rendered":"http:\/\/mfqxqav.cluster021.hosting.ovh.net\/?page_id=3"},"modified":"2025-08-23T16:06:26","modified_gmt":"2025-08-23T16:06:26","slug":"privacy-policy","status":"publish","type":"page","link":"http:\/\/mfqxqav.cluster021.hosting.ovh.net\/index.php\/privacy-policy\/","title":{"rendered":"Formulaire d\u2019inscription"},"content":{"rendered":"\n<div style=\"height:46px\" aria-hidden=\"true\" class=\"wp-block-spacer\"><\/div>\n\n\n\n<h2 class=\"wp-block-heading has-text-align-center\">Formulaire d&#8217;inscription<\/h2>\n\n\n\n<div style=\"height:46px\" aria-hidden=\"true\" class=\"wp-block-spacer\"><\/div>\n\n\n\n<p class=\"has-text-align-center\">Veuillez <strong>lire attentivement le r\u00e8glement int\u00e9rieur<\/strong>. <\/p>\n\n\n\n<p class=\"has-text-align-center\">Le t\u00e9l\u00e9chargement du formulaire d\u2019inscription, <strong>disponible en bas de page,<\/strong> vaut acceptation de ce r\u00e8glement.<\/p>\n\n\n\n<div style=\"height:46px\" aria-hidden=\"true\" class=\"wp-block-spacer\"><\/div>\n\n\n\n<h2 class=\"wp-block-heading has-text-align-center\">Chapitre I \u2013 Dispositions g\u00e9n\u00e9rales<\/h2>\n\n\n\n<div style=\"height:46px\" aria-hidden=\"true\" class=\"wp-block-spacer\"><\/div>\n\n\n\n<p><em><strong>Article 1 \u2013 Champ d\u2019application et acceptation du r\u00e8glement<\/strong><\/em><\/p>\n\n\n\n<p>Le pr\u00e9sent r\u00e8glement int\u00e9rieur a pour objet de d\u00e9finir les r\u00e8gles de bon fonctionnement au sein du<\/p>\n\n\n\n<p>Cercle Hippique de Gouvieux. La responsabilit\u00e9 de l\u2019\u00e9tablissement ne saurait \u00eatre engag\u00e9e dans le cas<\/p>\n\n\n\n<p>d\u2019un accident provoqu\u00e9 par un non-respect du r\u00e8glement int\u00e9rieur. Ce dernier s\u2019applique \u00e0 l\u2019ensemble<\/p>\n\n\n\n<p>du public fr\u00e9quentant l\u2019\u00e9tablissement \u00e9questre et notamment : les cavaliers, les propri\u00e9taires ayant<\/p>\n\n\n\n<p>leurs chevaux en pension, les personnes accompagnatrices, les visiteurs et spectateurs, les cavaliers ou<\/p>\n\n\n\n<p>pensionnaires de passage&#8230;<\/p>\n\n\n\n<p>Tout cavalier accepte par son adh\u00e9sion au club les clauses du pr\u00e9sent r\u00e8glement int\u00e9rieur. De m\u00eame,<\/p>\n\n\n\n<p>tous les autres publics, dont la liste non exhaustive est vis\u00e9e ci-dessus, par sa pr\u00e9sence au sein de<\/p>\n\n\n\n<p>l\u2019\u00e9tablissement \u00e9questre, acceptent les clauses au pr\u00e9sent r\u00e8glement int\u00e9rieur.<\/p>\n\n\n\n<div style=\"height:46px\" aria-hidden=\"true\" class=\"wp-block-spacer\"><\/div>\n\n\n\n<h2 class=\"wp-block-heading has-text-align-center\">Chapitre II \u2013 Vie de l\u2019\u00e9tablissement<\/h2>\n\n\n\n<div style=\"height:46px\" aria-hidden=\"true\" class=\"wp-block-spacer\"><\/div>\n\n\n\n<p><em><strong>Article 2 \u2013 Horaires<\/strong><\/em><\/p>\n\n\n\n<p>L\u2019\u00e9tablissement est ouvert au public de 8h00 \u00e0 20h00 du mardi au dimanche.<\/p>\n\n\n\n<p>Tout acc\u00e8s en dehors des horaires d\u2019ouverture n\u2019est possible que sur demande au chef d\u2019\u00e9tablissement,<\/p>\n\n\n\n<p>et apr\u00e8s acceptation de ce dernier.<\/p>\n\n\n\n<div style=\"height:20px\" aria-hidden=\"true\" class=\"wp-block-spacer\"><\/div>\n\n\n\n<p><em><strong>Article 3 \u2013 Comportement<\/strong><\/em><\/p>\n\n\n\n<p>Tout cavalier ou visiteur est tenu de faire preuve de courtoisie et de respect \u00e0 l\u2019\u00e9gard du personnel de<\/p>\n\n\n\n<p>l\u2019\u00e9tablissement, des autres cavaliers, des visiteurs et des \u00e9quid\u00e9s.<\/p>\n\n\n\n<p>L\u2019acc\u00e8s aux tribunes des aires d\u2019\u00e9volution implique un silence absolu.<\/p>\n\n\n\n<p>Les locaux techniques sont formellement interdits au public en l\u2019absence d\u2019un membre du personnel. Il<\/p>\n\n\n\n<p>en va de m\u00eame pour l\u2019utilisation des r\u00e9serves de copeaux, paille, fourrages et aliments.<\/p>\n\n\n\n<div style=\"height:20px\" aria-hidden=\"true\" class=\"wp-block-spacer\"><\/div>\n\n\n\n<p><em>A<strong>rticle 4 \u2013 Interdictions<\/strong><\/em><\/p>\n\n\n\n<p>Il est strictement interdit au sein de l\u2019\u00e9tablissement \u00e9questre :<\/p>\n\n\n\n<p>&#8211; de fumer et de vapoter dans l\u2019enceinte de l\u2019\u00e9tablissement, sur les aires int\u00e9rieures comme<\/p>\n\n\n\n<p>ext\u00e9rieures,<\/p>\n\n\n\n<p>&#8211; de crier,<\/p>\n\n\n\n<p>&#8211; de sortir les poneys ou chevaux en l\u2019absence d\u2019une personne responsable,<\/p>\n\n\n\n<p>&#8211; de jouer dans le foin,<\/p>\n\n\n\n<p>&#8211; de jouer avec le mat\u00e9riel (tracteur, v\u00e9hicule utilitaire, brouette, extincteur, robinets d\u2019eau &#8230;),<\/p>\n\n\n\n<p>&#8211; de jouer au ballon et plus g\u00e9n\u00e9ralement d\u2019avoir tout comportement risquant d\u2019effrayer les chevaux,<\/p>\n\n\n\n<p>&#8211; de courir,<\/p>\n\n\n\n<p>&#8211; de p\u00e9n\u00e9trer dans la carri\u00e8re durant les cours pour quelque motif que ce soit,<\/p>\n\n\n\n<p>&#8211; de l\u00e2cher les chevaux en libert\u00e9 dans la carri\u00e8re,<\/p>\n\n\n\n<p>&#8211; de passer sous la buvette avec son cheval en main ou mont\u00e9.<\/p>\n\n\n\n<p>Aucune brutalit\u00e9 envers les chevaux et poneys n\u2019est tol\u00e9r\u00e9e.<\/p>\n\n\n\n<p>Aucun enseignant, coach ou ami ne peut enseigner dans l\u2019enceinte des \u00e9curies sans l\u2019autorisation<\/p>\n\n\n\n<p>expresse et pr\u00e9alable du responsable du centre \u00e9questre qui pourra toutefois l\u2019assortir de conditions<\/p>\n\n\n\n<p>notamment tarifaires.<\/p>\n\n\n\n<div style=\"height:20px\" aria-hidden=\"true\" class=\"wp-block-spacer\"><\/div>\n\n\n\n<p><em><strong>Article 5 \u2013 R\u00e8gles de s\u00e9curit\u00e9<\/strong><\/em><\/p>\n\n\n\n<p>Le d\u00e9placement \u00e0 pied est le seul autoris\u00e9 au sein des \u00e9curies.<\/p>\n\n\n\n<p>Les chiens sont tol\u00e9r\u00e9s mais tout accident provoqu\u00e9 par un chien au sein de l\u2019\u00e9tablissement engage la<\/p>\n\n\n\n<p>responsabilit\u00e9 de son propri\u00e9taire.<\/p>\n\n\n\n<p>Tout cavalier ou visiteur doit veiller \u00e0 ne pas aborder les chevaux sans les pr\u00e9venir et \u00e9viter les gestes<\/p>\n\n\n\n<p>pouvant les effrayer ;Les enfants sont sous la surveillance de leurs parents qui doivent les maintenir hors de port\u00e9e des<\/p>\n\n\n\n<p>\u00e9quid\u00e9s et du mat\u00e9riel ainsi que de veiller \u00e0 emp\u00eacher toute manifestation bruyante.<\/p>\n\n\n\n<div style=\"height:20px\" aria-hidden=\"true\" class=\"wp-block-spacer\"><\/div>\n\n\n\n<p><em><strong>Article 6 \u2013 Stationnement<\/strong><\/em><\/p>\n\n\n\n<p>Aucun v\u00e9hicule ne doit circuler dans les \u00e9curies, saufs v\u00e9hicules des professionnels \u00e9quins<\/p>\n\n\n\n<p>(mar\u00e9chaux-ferrants, v\u00e9t\u00e9rinaires, dentistes \u00e9quin &#8230;)<\/p>\n\n\n\n<p>Les v\u00e9hicules, y compris les cyclomoteurs et les v\u00e9los, doivent stationner sur les aires pr\u00e9vues \u00e0 cet<\/p>\n\n\n\n<p>effet en veillant \u00e0 laisser le libre passage aux v\u00e9hicules de s\u00e9curit\u00e9 et de secours. En aucun cas le CHG<\/p>\n\n\n\n<p>ne sera responsable du vol ou des d\u00e9gradations des v\u00e9hicules stationn\u00e9s sur les aires pr\u00e9vues \u00e0 cet<\/p>\n\n\n\n<p>effet.<\/p>\n\n\n\n<div style=\"height:20px\" aria-hidden=\"true\" class=\"wp-block-spacer\"><\/div>\n\n\n\n<p><em><strong>Article 7 \u2013 Protection des donn\u00e9es personnelles et droit \u00e0 l\u2019image<\/strong><\/em><\/p>\n\n\n\n<p>L\u2019\u00e9tablissement \u00e9questre dispose d\u2019un fichier informatique recensant des donn\u00e9es fournies par le<\/p>\n\n\n\n<p>clients qui y ont express\u00e9ment consenti. Ce fichier a pour finalit\u00e9 la gestion des activit\u00e9s quotidiennes<\/p>\n\n\n\n<p>de l\u2019\u00e9tablissement et notamment l\u2019organisation des le\u00e7ons d\u2019\u00e9quitation, la vie quotidienne du club,<\/p>\n\n\n\n<p>l\u2019inscription aux stages et comp\u00e9titions sportives, etc.<\/p>\n\n\n\n<p>Seules les personnes ayant des fonctions de secr\u00e9tariat et d\u2019encadrement au sein de l\u2019\u00e9tablissement<\/p>\n\n\n\n<p>ont acc\u00e8s dans le cadre de leur mission \u00e0 ces donn\u00e9es.<\/p>\n\n\n\n<p>Toute personne ayant fourni des donn\u00e9es personnelles dispose directement aupr\u00e8s de l\u2019\u00e9tablissement<\/p>\n\n\n\n<p>d\u2019un droit d\u2019acc\u00e8s, de portabilit\u00e9 et de rectification, conform\u00e9ment \u00e0 la loi du 6 janvier 1978 modifi\u00e9e.<\/p>\n\n\n\n<p>Il peut exercer ses droits par l\u2019envoi d\u2019un simple courriel \u00e0 l\u2019adresse email de l\u2019\u00e9tablissement :<\/p>\n\n\n\n<p>chgdegouvieux@gmail.com<\/p>\n\n\n\n<p>Toute personne participant aux activit\u00e9s \u00e9questre ou pr\u00e9sente dans l\u2019\u00e9tablissement est susceptible de<\/p>\n\n\n\n<p>faire l\u2019objet de prises de vues individuelles ou collectives. Toute personne ne s\u2019opposant pas \u00e0 la<\/p>\n\n\n\n<p>captation de son image c\u00e8de irr\u00e9vocablement \u00e0 l\u2019\u00e9tablissement l\u2019exploitation de son image \u00e0 des fins<\/p>\n\n\n\n<p>d\u2019information et de promotion des activit\u00e9s de l\u2019\u00e9tablissement sur tout support.<\/p>\n\n\n\n<div style=\"height:20px\" aria-hidden=\"true\" class=\"wp-block-spacer\"><\/div>\n\n\n\n<p><em><strong>Article 8 \u2013 Bons usages<\/strong><\/em><\/p>\n\n\n\n<p>Le mat\u00e9riel mis gracieusement \u00e0 la disposition du public doit \u00eatre respect\u00e9 (lavage du mors, nettoyage<\/p>\n\n\n\n<p>de la sangle &#8230;)<\/p>\n\n\n\n<p>La propret\u00e9 des installations et du site doit \u00eatre pr\u00e9serv\u00e9e, des poubelles sont mises \u00e0 la disposition<\/p>\n\n\n\n<p>des utilisateurs du club. Les poubelles doivent servir uniquement pour les d\u00e9chets du club et non pas<\/p>\n\n\n\n<p>pour d\u00e9poser vos poubelles personnelles.<\/p>\n\n\n\n<p>A chaque utilisation de la carri\u00e8re ou du man\u00e8ge, le mat\u00e9riel doit \u00eatre rang\u00e9 \u00e0 sa place.<\/p>\n\n\n\n<p>Les crottins du man\u00e8ge doivent \u00eatre ramass\u00e9s et jet\u00e9s dans la poubelle mise \u00e0 disposition \u00e0 l\u2019entr\u00e9e du<\/p>\n\n\n\n<p>man\u00e8ge.<\/p>\n\n\n\n<p>Il est interdit de se servir dans la \u00ab cantine \u00bb (les grains) ou la remorque (le foin) du 4&#215;4 et \u00e9galement<\/p>\n\n\n\n<p>dans la r\u00e9serve de foin sans l\u2019accord du responsable de l\u2019\u00e9curie.<\/p>\n\n\n\n<p>Il est obligatoire de ramasser le crottin de son cheval (cavaliers et propri\u00e9taires) sur les dalles du club<\/p>\n\n\n\n<p>et des terres noires.<\/p>\n\n\n\n<div style=\"height:20px\" aria-hidden=\"true\" class=\"wp-block-spacer\"><\/div>\n\n\n\n<p><em><strong>Article 9 \u2013 Vol<\/strong><\/em><\/p>\n\n\n\n<p>Les locaux mis gracieusement \u00e0 la disposition des cavaliers pour entreposer leurs affaires ne sont pas<\/p>\n\n\n\n<p>sous surveillance.<\/p>\n\n\n\n<p>Aucune assurance sp\u00e9ciale n\u2019ayant \u00e9t\u00e9 souscrite, les cavaliers et leurs accompagnateurs entreposent<\/p>\n\n\n\n<p>leurs mat\u00e9riels et effets personnels \u00e0 leurs risques et p\u00e9rils.<\/p>\n\n\n\n<div style=\"height:46px\" aria-hidden=\"true\" class=\"wp-block-spacer\"><\/div>\n\n\n\n<h2 class=\"wp-block-heading has-text-align-center\">Chapitre III \u2013 Pratique de l\u2019\u00e9quitation<\/h2>\n\n\n\n<div style=\"height:46px\" aria-hidden=\"true\" class=\"wp-block-spacer\"><\/div>\n\n\n\n<p><em><strong>Article 10 \u2013 Inscription<\/strong><\/em><\/p>\n\n\n\n<p>Toute personne souhaitant pratiquer l\u2019\u00e9quitation au sein de l\u2019\u00e9tablissement de fa\u00e7on r\u00e9guli\u00e8re est<\/p>\n\n\n\n<p>tenue de remplir et signer une demande d\u2019inscription, ainsi que s\u2019acquitter du paiement<\/p>\n\n\n\n<p>correspondant aux prestations fournies.<\/p>\n\n\n\n<div style=\"height:20px\" aria-hidden=\"true\" class=\"wp-block-spacer\"><\/div>\n\n\n\n<p><em><strong>Article 11 \u2013 Tarifs<\/strong><\/em><\/p>\n\n\n\n<p>Les tarifs des prestations sont affich\u00e9s dans l\u2019\u00e9tablissement et disponibles sur simple demande. Les<\/p>\n\n\n\n<p>le\u00e7ons doivent \u00eatre pay\u00e9es \u00e0 l\u2019avance. La monitrice se r\u00e9serve le droit de refuser un cavalier s\u2019il n\u2019est<\/p>\n\n\n\n<p>pas \u00e0 jour de ses paiements.Article 12 \u2013 Pr\u00e9sence aux activit\u00e9s<\/p>\n\n\n\n<p>Toute activit\u00e9 non d\u00e9command\u00e9e au moins 48 heures \u00e0 l\u2019avance reste due.<\/p>\n\n\n\n<p>Tout cavalier arriv\u00e9 en retard ne pourra en aucun cas le rattraper, ni pr\u00e9tendre \u00e0 une r\u00e9duction.<\/p>\n\n\n\n<div style=\"height:20px\" aria-hidden=\"true\" class=\"wp-block-spacer\"><\/div>\n\n\n\n<p><em><strong>Article 13 \u2013 Modalit\u00e9s de remboursement<\/strong><\/em><\/p>\n\n\n\n<p>Lorsque le cavalier s\u2019inscrit \u00e0 une activit\u00e9, un cr\u00e9neau horaire lui est r\u00e9serv\u00e9, permettant ainsi la<\/p>\n\n\n\n<p>gestion de la cavalerie, des installations sportives et du personnel de l\u2019\u00e9tablissement.<\/p>\n\n\n\n<p>L\u2019activit\u00e9 r\u00e9serv\u00e9e n\u2019est pas remboursable, sauf sur pr\u00e9sentation d\u2019un certificat m\u00e9dical de contre<\/p>\n\n\n\n<p>indication \u00e0 la pratique de l\u2019\u00e9quitation.<\/p>\n\n\n\n<div style=\"height:20px\" aria-hidden=\"true\" class=\"wp-block-spacer\"><\/div>\n\n\n\n<p><em><strong>Article 14 \u2013 Assurances<\/strong><\/em><\/p>\n\n\n\n<p>Tout accident survenu lors de l\u2019utilisation des obstacles ou \u00e9l\u00e9ments ext\u00e9rieurs, sans la pr\u00e9sence d\u2019un<\/p>\n\n\n\n<p>enseignant est aux risques et p\u00e9rils du cavalier et sous son enti\u00e8re responsabilit\u00e9, tant au point de vue<\/p>\n\n\n\n<p>de l\u2019assurance que pour les potentielles blessures du cavalier, de l\u2019animal ou d\u00e9g\u00e2ts de toute nature qui<\/p>\n\n\n\n<p>en r\u00e9sulteraient.<\/p>\n\n\n\n<p>Tous les cavaliers doivent \u00eatre titulaire de la licence FFE qui les couvre en Responsabilit\u00e9 Civile pour<\/p>\n\n\n\n<p>tous les risques inh\u00e9rents aux actes d\u2019\u00e9quitation \u00e0 l\u2019int\u00e9rieur et \u00e0 l\u2019ext\u00e9rieur des \u00e9curies et leur procure<\/p>\n\n\n\n<p>une \u00ab individuelle accident \u00bb aux conditions affich\u00e9es.<\/p>\n\n\n\n<div style=\"height:20px\" aria-hidden=\"true\" class=\"wp-block-spacer\"><\/div>\n\n\n\n<p><em><strong>Article 15 \u2013 Acc\u00e8s aux installations sportives<\/strong><\/em><\/p>\n\n\n\n<p>Les aires de pratiques sportives ne sont accessibles qu\u2019aux personnes ayant r\u00e9gl\u00e9 leur droit d\u2019acc\u00e8s. Il<\/p>\n\n\n\n<p>s\u2019agit des installations suivantes :<\/p>\n\n\n\n<p>\u00b7 carri\u00e8res,<\/p>\n\n\n\n<p>\u00b7 man\u00e8ge,<\/p>\n\n\n\n<p>\u00b7 rond de longe.<\/p>\n\n\n\n<div style=\"height:20px\" aria-hidden=\"true\" class=\"wp-block-spacer\"><\/div>\n\n\n\n<div style=\"height:0px\" aria-hidden=\"true\" class=\"wp-block-spacer\"><\/div>\n\n\n\n<p><em><strong>Article 16 \u2013 Autorit\u00e9 de l\u2019enseignant<\/strong><\/em><\/p>\n\n\n\n<p>L\u2019enseignant est la seule personne pouvant intervenir lors des reprises. Les parents, clients ou<\/p>\n\n\n\n<p>visiteurs ne peuvent en aucun cas intervenir lors des le\u00e7ons. Si l\u2019enseignant l\u2019estime n\u00e9cessaire, il<\/p>\n\n\n\n<p>pourra demander aux parents, clients ou visiteurs de s\u2019\u00e9loigner du lieu d\u2019enseignement.<\/p>\n\n\n\n<div style=\"height:20px\" aria-hidden=\"true\" class=\"wp-block-spacer\"><\/div>\n\n\n\n<p><em><strong>Article 17 \u2013 Tenue et mat\u00e9riel<\/strong><\/em><\/p>\n\n\n\n<p>Une tenue vestimentaire correcte et adapt\u00e9e \u00e0 la pratique de l\u2019\u00e9quitation est de rigueur au sein de<\/p>\n\n\n\n<p>l\u2019\u00e9tablissement.<\/p>\n\n\n\n<p>Le port du casque aux normes en vigueur est obligatoire pour tout cavalier, y compris les propri\u00e9taires<\/p>\n\n\n\n<p>d\u2019\u00e9quid\u00e9s.<\/p>\n\n\n\n<div style=\"height:20px\" aria-hidden=\"true\" class=\"wp-block-spacer\"><\/div>\n\n\n\n<p><em><strong>Article 18 \u2013 Prise en charge des enfants mineurs<\/strong><\/em><\/p>\n\n\n\n<p>Les cavaliers mineurs sont sous la responsabilit\u00e9 de l\u2019\u00e9tablissement uniquement pendant le temps des<\/p>\n\n\n\n<p>activit\u00e9s \u00e9questres encadr\u00e9es et pendant le temps de pr\u00e9paration de l\u2019\u00e9quid\u00e9 et le retour \u00e0 l\u2019\u00e9curie, soit<\/p>\n\n\n\n<p>30 minutes avant et apr\u00e8s l\u2019activit\u00e9. En dehors des temps d\u2019activit\u00e9s et de pr\u00e9paration pr\u00e9cit\u00e9s, les<\/p>\n\n\n\n<p>mineurs sont sous la responsabilit\u00e9 de leurs parents ou de leur tuteur l\u00e9gal.<\/p>\n\n\n\n<div style=\"height:46px\" aria-hidden=\"true\" class=\"wp-block-spacer\"><\/div>\n\n\n\n<h2 class=\"wp-block-heading has-text-align-center\">Chapitre IV \u2013 Propri\u00e9taires d\u2019\u00e9quid\u00e9s<\/h2>\n\n\n\n<div style=\"height:46px\" aria-hidden=\"true\" class=\"wp-block-spacer\"><\/div>\n\n\n\n<p><em><strong>Article 19 \u2013 Utilisation de l\u2019\u00e9quid\u00e9 par un tiers<\/strong><\/em><\/p>\n\n\n\n<p>Seul le propri\u00e9taire de l&#8217;\u00e9quid\u00e9 est autoris\u00e9 \u00e0 utiliser sa monture dans l\u2019\u00e9tablissement. Si le<\/p>\n\n\n\n<p>propri\u00e9taire souhaite laisser un tiers utiliser son \u00e9quid\u00e9, il doit en informer l&#8217;\u00e9tablissement \u00e9questre et<\/p>\n\n\n\n<p>obtenir son autorisation au pr\u00e9alable. En tout \u00e9tat de cause, l&#8217;\u00e9tablissement \u00e9questre ne sera pas tenu<\/p>\n\n\n\n<p>de v\u00e9rifier le mandat d&#8217;une personne se pr\u00e9sentant de la part du propri\u00e9taire, l\u2019autorisation pr\u00e9alable<\/p>\n\n\n\n<p>du propri\u00e9taire est toujours pr\u00e9sum\u00e9e. Tout incident survenu lorsque la personne autoris\u00e9e par le<\/p>\n\n\n\n<p>propri\u00e9taire \u00e0 utiliser la monture est r\u00e9put\u00e9 se d\u00e9rouler sous la responsabilit\u00e9 pleine et enti\u00e8re du<\/p>\n\n\n\n<p>propri\u00e9taire.<\/p>\n\n\n\n<div style=\"height:20px\" aria-hidden=\"true\" class=\"wp-block-spacer\"><\/div>\n\n\n\n<p><em><strong>Article 20 \u2013 Utilisation des installations sportives<\/strong><\/em><\/p>\n\n\n\n<p>Si une aire d\u2019\u00e9volution est occup\u00e9e, l\u2019autorisation de p\u00e9n\u00e9trer au sein de cette derni\u00e8re doit \u00eatre<\/p>\n\n\n\n<p>demand\u00e9e \u00e0 l\u2019enseignant pr\u00e9sent ou \u00e0 d\u00e9faut aux personnes d\u00e9j\u00e0 pr\u00e9sentes. Les cours dispens\u00e9s par le<\/p>\n\n\n\n<p>personnel du centre \u00e9questre ont toujours la propri\u00e9t\u00e9.Article 21 \u2013 Assurance et responsabilit\u00e9 de l\u2019\u00e9quid\u00e9<\/p>\n\n\n\n<p>Les propri\u00e9taires de chevaux en pension doivent souscrire une assurance Responsabilit\u00e9 Civile pour<\/p>\n\n\n\n<p>leur cheval.<\/p>\n\n\n\n<div style=\"height:20px\" aria-hidden=\"true\" class=\"wp-block-spacer\"><\/div>\n\n\n\n<p><em><strong>Article 22 \u2013 R\u00e8gles g\u00e9n\u00e9rales<\/strong><\/em><\/p>\n\n\n\n<p>Pour les propri\u00e9taires, la priorit\u00e9 est accord\u00e9e aux reprises club (poneys ou chevaux).<\/p>\n\n\n\n<p>Il est interdit :<\/p>\n\n\n\n<p>&#8211; de laisser son cheval en libert\u00e9 dans la carri\u00e8re<\/p>\n\n\n\n<p>&#8211; de faire appel \u00e0 un coach\/enseignant ext\u00e9rieur au centre \u00e9questre sans avoir obtenu l\u2019accord du<\/p>\n\n\n\n<p>responsable du centre \u00e9questre qui pourra toutefois assortir son autorisation de conditions<\/p>\n\n\n\n<p>notamment tarifaires.<\/p>\n\n\n\n<p>&#8211; de longer dans la carri\u00e8re d\u2019obstacle<\/p>\n\n\n\n<p>&#8211; de laisser son cheval en libert\u00e9 dans les \u00e9curies<\/p>\n\n\n\n<p>&#8211; de faire du stock de grains ou de foins dans sa sellerie<\/p>\n\n\n\n<p>Chaque propri\u00e9taire s\u2019engage \u00e0 r\u00e9gler avant le 6 du mois la pension de son cheval avec les tarifs en<\/p>\n\n\n\n<p>vigueur.<\/p>\n\n\n\n<div style=\"height:20px\" aria-hidden=\"true\" class=\"wp-block-spacer\"><\/div>\n\n\n\n<p><em><strong>Articles 23 \u2013 Reprise<\/strong><\/em><\/p>\n\n\n\n<p>Le propri\u00e9taire devra pour participer \u00e0 une reprise r\u00e9gler d\u2019avance sa le\u00e7on.<\/p>\n\n\n\n<p>Le propri\u00e9taire sera dans l\u2019obligation de s\u2019inscrire au pr\u00e9alable au cours souhait\u00e9, dans le cas contraire<\/p>\n\n\n\n<p>la monitrice se r\u00e9serve le droit de le refuser \u00e0 son cours.<\/p>\n\n\n\n<p>Le propri\u00e9taire qui effectue une reprise avec un cheval de club devra s\u2019acquitter d\u2019un tarif \u00ab cavalier \u00bb<\/p>\n\n\n\n<p>et non plus d\u2019un tarif \u00ab propri\u00e9taire \u00bb<\/p>\n\n\n\n<div style=\"height:20px\" aria-hidden=\"true\" class=\"wp-block-spacer\"><\/div>\n\n\n\n<p><em><strong>Article 24 \u2013 Vaccins<\/strong><\/em><\/p>\n\n\n\n<p>Le propri\u00e9taire s\u2019engage \u00e0 mettre \u00e0 jour le carnet de vaccination de son cheval. Les vaccins obligatoires<\/p>\n\n\n\n<p>au CHG sont les vaccins contre le t\u00e9tanos, la grippe et la rhino.<\/p>\n\n\n\n<div style=\"height:20px\" aria-hidden=\"true\" class=\"wp-block-spacer\"><\/div>\n\n\n\n<p><em><strong>Article 25 \u2013 Douche<\/strong><\/em><\/p>\n\n\n\n<p>La douche est \u00e0 disposition des propri\u00e9taires. Apr\u00e8s chaque utilisation elle doit \u00eatre \u00e9teinte et le tuyau<\/p>\n\n\n\n<p>doit \u00eatre rang\u00e9.<\/p>\n\n\n\n<p>Lors des s\u00e9cheresses, il est recommand\u00e9 d\u2019utiliser la douche qu\u2019en cas de n\u00e9cessit\u00e9 absolue<\/p>\n\n\n\n<p>(v\u00e9t\u00e9rinaires, soins&#8230;).<\/p>\n\n\n\n<p>En cas de non-respect, le CHG se r\u00e9serve le droit de fermer l\u2019acc\u00e8s \u00e0 la douche.<\/p>\n\n\n\n<div style=\"height:46px\" aria-hidden=\"true\" class=\"wp-block-spacer\"><\/div>\n\n\n\n<h2 class=\"wp-block-heading has-text-align-center\">Chapitre V \u2013 Discipline<\/h2>\n\n\n\n<div style=\"height:46px\" aria-hidden=\"true\" class=\"wp-block-spacer\"><\/div>\n\n\n\n<p><em><strong>Article 26 \u2013 R\u00e9clamations<\/strong><\/em><\/p>\n\n\n\n<p>Tout cavalier souhaitant effectuer une r\u00e9clamation qu\u2019il estime motiv\u00e9e et justifi\u00e9e concernant<\/p>\n\n\n\n<p>l\u2019\u00e9tablissement peut l\u2019effectuer soit en demandant un rendez-vous avec le g\u00e9rant de l\u2019\u00e9tablissement,<\/p>\n\n\n\n<p>soit en lui \u00e9crivant une lettre ou un courriel (chgdegouvieux@gmail.com).<\/p>\n\n\n\n<div style=\"height:20px\" aria-hidden=\"true\" class=\"wp-block-spacer\"><\/div>\n\n\n\n<p><em><strong>Article 27 \u2013 Sanctions<\/strong><\/em><\/p>\n\n\n\n<p>Des sanctions allant de la mise \u00e0 pied provisoire jusqu\u2019\u00e0 l\u2019exclusion sans restitution du droit d\u2019entr\u00e9e<\/p>\n\n\n\n<p>ou de la cotisation, peuvent \u00eatre prises contre tout cavalier ou visiteur ne respectant pas le pr\u00e9sent<\/p>\n\n\n\n<p>r\u00e8glement. En outre, les cavaliers peuvent se voir refuser un renouvellement de leur inscription au sein<\/p>\n\n\n\n<p>de l\u2019\u00e9tablissement au motif d\u2019un non-respect du r\u00e8glement int\u00e9rieur ou d\u2019un manquement \u00e0 la probit\u00e9<\/p>\n\n\n\n<p>et \u00e0 l\u2019honn\u00eatet\u00e9.<\/p>\n\n\n\n<div style=\"height:20px\" aria-hidden=\"true\" class=\"wp-block-spacer\"><\/div>\n\n\n\n<p><em><strong>Article 28 \u2013 Modifications<\/strong><\/em><\/p>\n\n\n\n<p>Le pr\u00e9sent R\u00e8glement Int\u00e9rieur peut \u00eatre compl\u00e9t\u00e9 ou modifi\u00e9 par la propri\u00e9taire-g\u00e9rante.<\/p>\n\n\n\n<div style=\"height:54px\" aria-hidden=\"true\" class=\"wp-block-spacer\"><\/div>\n\n\n\n<div class=\"wp-block-buttons is-content-justification-center is-layout-flex wp-container-core-buttons-is-layout-9d0ad828 wp-block-buttons-is-layout-flex\" style=\"padding-top:0;padding-bottom:0\">\n<div class=\"wp-block-button has-custom-width wp-block-button__width-75\"><a class=\"wp-block-button__link has-background wp-element-button\" href=\"http:\/\/mfqxqav.cluster021.hosting.ovh.net\/wp-content\/uploads\/2025\/08\/CONTRAT-2026.pdf\" style=\"border-radius:10px;background-color:#3f6d24;padding-top:var(--wp--preset--spacing--10);padding-bottom:var(--wp--preset--spacing--10)\" target=\"_blank\" rel=\"noreferrer noopener\">J\u2019accepte le r\u00e8glement et t\u00e9l\u00e9charge le formulaire<\/a><\/div>\n<\/div>\n\n\n\n<div style=\"height:107px\" aria-hidden=\"true\" class=\"wp-block-spacer\"><\/div>\n","protected":false},"excerpt":{"rendered":"<p>Formulaire d&#8217;inscription Veuillez lire attentivement le r\u00e8glement int\u00e9rieur. Le t\u00e9l\u00e9chargement du formulaire d\u2019inscription, disponible en bas de page, vaut acceptation de ce r\u00e8glement. Chapitre I \u2013 Dispositions g\u00e9n\u00e9rales Article 1 \u2013 Champ d\u2019application et acceptation du r\u00e8glement Le pr\u00e9sent r\u00e8glement int\u00e9rieur a pour objet de d\u00e9finir les r\u00e8gles de bon fonctionnement au sein du Cercle [&hellip;]<\/p>\n","protected":false},"author":1,"featured_media":0,"parent":0,"menu_order":0,"comment_status":"closed","ping_status":"open","template":"","meta":{"footnotes":""},"class_list":["post-3","page","type-page","status-publish","hentry"],"_links":{"self":[{"href":"http:\/\/mfqxqav.cluster021.hosting.ovh.net\/index.php\/wp-json\/wp\/v2\/pages\/3","targetHints":{"allow":["GET"]}}],"collection":[{"href":"http:\/\/mfqxqav.cluster021.hosting.ovh.net\/index.php\/wp-json\/wp\/v2\/pages"}],"about":[{"href":"http:\/\/mfqxqav.cluster021.hosting.ovh.net\/index.php\/wp-json\/wp\/v2\/types\/page"}],"author":[{"embeddable":true,"href":"http:\/\/mfqxqav.cluster021.hosting.ovh.net\/index.php\/wp-json\/wp\/v2\/users\/1"}],"replies":[{"embeddable":true,"href":"http:\/\/mfqxqav.cluster021.hosting.ovh.net\/index.php\/wp-json\/wp\/v2\/comments?post=3"}],"version-history":[{"count":7,"href":"http:\/\/mfqxqav.cluster021.hosting.ovh.net\/index.php\/wp-json\/wp\/v2\/pages\/3\/revisions"}],"predecessor-version":[{"id":403,"href":"http:\/\/mfqxqav.cluster021.hosting.ovh.net\/index.php\/wp-json\/wp\/v2\/pages\/3\/revisions\/403"}],"wp:attachment":[{"href":"http:\/\/mfqxqav.cluster021.hosting.ovh.net\/index.php\/wp-json\/wp\/v2\/media?parent=3"}],"curies":[{"name":"wp","href":"https:\/\/api.w.org\/{rel}","templated":true}]}}